{"id":2414,"date":"2024-01-25T10:39:40","date_gmt":"2024-01-25T09:39:40","guid":{"rendered":"https:\/\/www.opec.pl\/bio\/?page_id=2414"},"modified":"2026-02-06T12:10:24","modified_gmt":"2026-02-06T11:10:24","slug":"sprzedaz-opalu","status":"publish","type":"page","link":"https:\/\/www.opec.pl\/bio\/?page_id=2414","title":{"rendered":"Sprzeda\u017c opa\u0142u"},"content":{"rendered":"<h3>W zwi\u0105zku z licznymi zapytaniami informujemy, \u017ce posiadamy w sprzeda\u017cy \u00a0<strong>pellet agro ze s\u0142omy<\/strong> \u2013 paliwo sta\u0142e przeznaczone do ogrzewania budynk\u00f3w oraz instalacji grzewczych przystosowanych do tego typu biomasy.<\/h3>\n<p>Warto\u015bci pelletu agro ze s\u0142omy:<\/p>\n<ul>\n<li>warto\u015b\u0107 opa\u0142owa ok. 14\u201315 MJ\/kg<\/li>\n<li>\u015brednica pelletu 8 mm<\/li>\n<li>zawarto\u015b\u0107 popio\u0142u do 10%<\/li>\n<\/ul>\n<hr \/>\n<p><span style=\"color: #ff0000;\"><strong>UWAGA! <\/strong><strong>Wa\u017cna informacja dotycz\u0105ca spalania:<\/strong><\/span><\/p>\n<p><span style=\"color: #ff0000;\"><strong>Pellet agro ze s\u0142omy mo\u017ce by\u0107 spalany wy\u0142\u0105cznie w kot\u0142ach i palnikach przystosowanych do spalania pelletu agro\/biomasy typu agro.<\/strong><\/span><\/p>\n<hr \/>\n<p>Nie zaleca si\u0119 spalania pelletu agro\/biomasy typu ago w standardowych kot\u0142ach na pellet drzewny, poniewa\u017c mo\u017ce to prowadzi\u0107 do:<\/p>\n<ul>\n<li>zwi\u0119kszonego powstawania popio\u0142u i spiek\u00f3w,<\/li>\n<li>problem\u00f3w z prac\u0105 palnika,<\/li>\n<li>szybszego zu\u017cycia element\u00f3w kot\u0142a,<\/li>\n<li>utraty gwarancji producenta urz\u0105dzenia.<\/li>\n<\/ul>\n<p><span style=\"color: #000000;\"><strong>Sprzeda\u017c luzem lub w opakowaniu big bag<\/strong><\/span>. Odbi\u00f3r transportem w\u0142asnym, wy\u0142\u0105cznie na wcze\u015bniejsze zam\u00f3wienie.<\/p>\n<p><strong><span style=\"color: #000000;\">Minimalna ilo\u015b\u0107 sprzeda\u017cy pelletu agro ze s\u0142omy 1000 kg (1 tona). <\/span><\/strong><span style=\"color: #000000;\">Cena: 1100 z\u0142 netto + 8% VAT = 1188 z\u0142 brutto.<\/span><\/p>\n<p><span style=\"color: #000000;\"><strong>Kontakt<\/strong><\/span>: 56 45 06 284\u00a0 (pn. &#8211; pt. w godz. 8:00-13:00).<\/p>\n","protected":false},"excerpt":{"rendered":"<p>W zwi\u0105zku z licznymi zapytaniami informujemy, \u017ce posiadamy w sprzeda\u017cy \u00a0pellet agro ze s\u0142omy \u2013 paliwo sta\u0142e przeznaczone do ogrzewania budynk\u00f3w oraz instalacji grzewczych przystosowanych do tego typu biomasy. Warto\u015bci pelletu agro ze s\u0142omy: warto\u015b\u0107 opa\u0142owa ok. 14\u201315 MJ\/kg \u015brednica pelletu 8 mm zawarto\u015b\u0107 popio\u0142u do 10% UWAGA! Wa\u017cna informacja dotycz\u0105ca spalania: Pellet agro ze [&hellip;]<\/p>\n","protected":false},"author":5,"featured_media":0,"parent":0,"menu_order":0,"comment_status":"closed","ping_status":"closed","template":"","meta":{"footnotes":""},"class_list":["post-2414","page","type-page","status-publish","hentry"],"_links":{"self":[{"href":"https:\/\/www.opec.pl\/bio\/index.php?rest_route=\/wp\/v2\/pages\/2414","targetHints":{"allow":["GET"]}}],"collection":[{"href":"https:\/\/www.opec.pl\/bio\/index.php?rest_route=\/wp\/v2\/pages"}],"about":[{"href":"https:\/\/www.opec.pl\/bio\/index.php?rest_route=\/wp\/v2\/types\/page"}],"author":[{"embeddable":true,"href":"https:\/\/www.opec.pl\/bio\/index.php?rest_route=\/wp\/v2\/users\/5"}],"replies":[{"embeddable":true,"href":"https:\/\/www.opec.pl\/bio\/index.php?rest_route=%2Fwp%2Fv2%2Fcomments&post=2414"}],"version-history":[{"count":4,"href":"https:\/\/www.opec.pl\/bio\/index.php?rest_route=\/wp\/v2\/pages\/2414\/revisions"}],"predecessor-version":[{"id":2788,"href":"https:\/\/www.opec.pl\/bio\/index.php?rest_route=\/wp\/v2\/pages\/2414\/revisions\/2788"}],"wp:attachment":[{"href":"https:\/\/www.opec.pl\/bio\/index.php?rest_route=%2Fwp%2Fv2%2Fmedia&parent=2414"}],"curies":[{"name":"wp","href":"https:\/\/api.w.org\/{rel}","templated":true}]}}