{"id":2771,"date":"2025-12-12T11:26:00","date_gmt":"2025-12-12T10:26:00","guid":{"rendered":"https:\/\/www.opec.pl\/bio\/?page_id=2771"},"modified":"2026-01-07T13:46:48","modified_gmt":"2026-01-07T12:46:48","slug":"rodo-2","status":"publish","type":"page","link":"https:\/\/www.opec.pl\/bio\/?page_id=2771","title":{"rendered":"RODO"},"content":{"rendered":"<p><strong>Administrator Pa\u0144stwa danych \u2013 OPEC-BIO Sp. z o.o. <\/strong>jest zobowi\u0105zany do tego, aby w zgodzie z art. 12 rozporz\u0105dzenia Parlamentu Europejskiego i Rady (UE) 2016\/679 z dnia 27 kwietnia 2016 r. w sprawie ochrony os\u00f3b fizycznych w zwi\u0105zku z przetwarzaniem danych osobowych i w sprawie swobodnego przep\u0142ywu takich danych oraz uchylenia dyrektywy 95\/46\/WE (og\u00f3lne rozporz\u0105dzenie o ochronie danych) (Dz. Urz. UE. L. z 2016 r. Nr 119, str. 1; sprostowania: Dz. Urz. UE. L. z 2018 r. Nr 127, str. 2; Dz. Urz. UE. L z 2021 r. Nr 74, str. 35) \u2013 zwanego dalej jako RODO, udzieli\u0107 Pa\u0144stwu wszelkich informacji, o zasadach przetwarzania danych oraz o przys\u0142uguj\u0105cych Pa\u0144stwu prawach w zwi\u0105zku z realizacj\u0105 wymog\u00f3w okre\u015blonych w art. 13 i art. 14 RODO.<\/p>\n","protected":false},"excerpt":{"rendered":"<p>Administrator Pa\u0144stwa danych \u2013 OPEC-BIO Sp. z o.o. jest zobowi\u0105zany do tego, aby w zgodzie z art. 12 rozporz\u0105dzenia Parlamentu Europejskiego i Rady (UE) 2016\/679 z dnia 27 kwietnia 2016 r. w sprawie ochrony os\u00f3b fizycznych w zwi\u0105zku z przetwarzaniem danych osobowych i w sprawie swobodnego przep\u0142ywu takich danych oraz uchylenia dyrektywy 95\/46\/WE (og\u00f3lne rozporz\u0105dzenie [&hellip;]<\/p>\n","protected":false},"author":7,"featured_media":0,"parent":0,"menu_order":0,"comment_status":"closed","ping_status":"closed","template":"","meta":{"footnotes":""},"class_list":["post-2771","page","type-page","status-publish","hentry"],"_links":{"self":[{"href":"https:\/\/www.opec.pl\/bio\/index.php?rest_route=\/wp\/v2\/pages\/2771","targetHints":{"allow":["GET"]}}],"collection":[{"href":"https:\/\/www.opec.pl\/bio\/index.php?rest_route=\/wp\/v2\/pages"}],"about":[{"href":"https:\/\/www.opec.pl\/bio\/index.php?rest_route=\/wp\/v2\/types\/page"}],"author":[{"embeddable":true,"href":"https:\/\/www.opec.pl\/bio\/index.php?rest_route=\/wp\/v2\/users\/7"}],"replies":[{"embeddable":true,"href":"https:\/\/www.opec.pl\/bio\/index.php?rest_route=%2Fwp%2Fv2%2Fcomments&post=2771"}],"version-history":[{"count":1,"href":"https:\/\/www.opec.pl\/bio\/index.php?rest_route=\/wp\/v2\/pages\/2771\/revisions"}],"predecessor-version":[{"id":2772,"href":"https:\/\/www.opec.pl\/bio\/index.php?rest_route=\/wp\/v2\/pages\/2771\/revisions\/2772"}],"wp:attachment":[{"href":"https:\/\/www.opec.pl\/bio\/index.php?rest_route=%2Fwp%2Fv2%2Fmedia&parent=2771"}],"curies":[{"name":"wp","href":"https:\/\/api.w.org\/{rel}","templated":true}]}}