{"id":2547,"date":"2024-09-20T11:50:30","date_gmt":"2024-09-20T09:50:30","guid":{"rendered":"https:\/\/www.opec.pl\/termo\/?page_id=2547"},"modified":"2026-02-05T08:28:42","modified_gmt":"2026-02-05T07:28:42","slug":"zgloszenia-wewnetrzne","status":"publish","type":"page","link":"https:\/\/www.opec.pl\/termo\/?page_id=2547","title":{"rendered":"Zg\u0142oszenia wewn\u0119trzne"},"content":{"rendered":"<p><strong>Regulamin przyjmowania zg\u0142osze\u0144 wewn\u0119trznych<\/strong> &#8211; <a href=\"https:\/\/www.opec.pl\/termo\/wp-content\/uploads\/2024\/09\/Regulamin-przyjmowania-zgloszen-wewnetrznych-OPEC-TERMO_scalony.pdf\">POBIERZ<\/a><\/p>\n<p><b>Przyjmowanie i rozpatrywanie zg\u0142osze\u0144 wewn\u0119trznych: <\/b><br \/>\nMarta Celebucka<br \/>\ntel. 56 45 06 100<br \/>\ne-mail: <a href=\"mailto:sygnalista@opec.pl\">sygnalista@opec.pl<\/a><\/p>\n","protected":false},"excerpt":{"rendered":"<p>Regulamin przyjmowania zg\u0142osze\u0144 wewn\u0119trznych &#8211; POBIERZ Przyjmowanie i rozpatrywanie zg\u0142osze\u0144 wewn\u0119trznych: Marta Celebucka tel. 56 45 06 100 e-mail: sygnalista@opec.pl<\/p>\n","protected":false},"author":6,"featured_media":0,"parent":0,"menu_order":0,"comment_status":"closed","ping_status":"closed","template":"","meta":{"footnotes":""},"class_list":["post-2547","page","type-page","status-publish","hentry"],"_links":{"self":[{"href":"https:\/\/www.opec.pl\/termo\/index.php?rest_route=\/wp\/v2\/pages\/2547","targetHints":{"allow":["GET"]}}],"collection":[{"href":"https:\/\/www.opec.pl\/termo\/index.php?rest_route=\/wp\/v2\/pages"}],"about":[{"href":"https:\/\/www.opec.pl\/termo\/index.php?rest_route=\/wp\/v2\/types\/page"}],"author":[{"embeddable":true,"href":"https:\/\/www.opec.pl\/termo\/index.php?rest_route=\/wp\/v2\/users\/6"}],"replies":[{"embeddable":true,"href":"https:\/\/www.opec.pl\/termo\/index.php?rest_route=%2Fwp%2Fv2%2Fcomments&post=2547"}],"version-history":[{"count":5,"href":"https:\/\/www.opec.pl\/termo\/index.php?rest_route=\/wp\/v2\/pages\/2547\/revisions"}],"predecessor-version":[{"id":2750,"href":"https:\/\/www.opec.pl\/termo\/index.php?rest_route=\/wp\/v2\/pages\/2547\/revisions\/2750"}],"wp:attachment":[{"href":"https:\/\/www.opec.pl\/termo\/index.php?rest_route=%2Fwp%2Fv2%2Fmedia&parent=2547"}],"curies":[{"name":"wp","href":"https:\/\/api.w.org\/{rel}","templated":true}]}}