{"id":2715,"date":"2025-10-01T10:04:26","date_gmt":"2025-10-01T08:04:26","guid":{"rendered":"https:\/\/www.opec.pl\/termo\/?page_id=2715"},"modified":"2025-10-06T14:04:14","modified_gmt":"2025-10-06T12:04:14","slug":"bon-cieplowniczy","status":"publish","type":"page","link":"https:\/\/www.opec.pl\/termo\/?page_id=2715","title":{"rendered":"Bon Ciep\u0142owniczy"},"content":{"rendered":"<p>Na mocy ustawy z dnia <strong>12 wrze\u015bnia 2025 roku<\/strong> <em>o bonie ciep\u0142owniczym oraz o zmianie niekt\u00f3rych ustaw w celu ograniczenia cen energii elektrycznej <\/em>wprowadzono bon ciep\u0142owniczy jako form\u0119 wsparcia finansowego dla gospodarstw domowych, maj\u0105c\u0105 na celu zrekompensowanie rosn\u0105cych koszt\u00f3w ogrzewania. Bon ciep\u0142owniczy przys\u0142uguje odbiorcom korzystaj\u0105cym z ciep\u0142a dostarczanego przez system ciep\u0142owniczy, u kt\u00f3rych jednosk\u0142adnikowa cena ciep\u0142a przekracza 170 z\u0142 netto za gigad\u017cul (GJ).<\/p>\n<p>Kryterium techniczne bazuje na tzw. <strong data-start=\"36\" data-end=\"70\">jednosk\u0142adnikowej cenie ciep\u0142a<\/strong> \u2014 oznacza to, \u017ce do rozlicze\u0144 przyjmuje si\u0119 jedn\u0105 \u0142\u0105czn\u0105 stawk\u0119 obejmuj\u0105c\u0105 ca\u0142y koszt (wytwarzanie, przesy\u0142anie i dystrybucj\u0119), a nie dzieli si\u0119 go na kilka osobnych element\u00f3w.<\/p>\n<p>Bon przys\u0142uguje, je\u015bli przeci\u0119tny miesi\u0119czny doch\u00f3d netto na osob\u0119 nie przekracza:<\/p>\n<ul>\n<li>3 272,69 z\u0142 \u2013 w gospodarstwie jednoosobowym<\/li>\n<li>2 454,52 z\u0142 \u2013 w gospodarstwie wieloosobowym<\/li>\n<\/ul>\n<p><strong>Jak to wygl\u0105da w Grudzi\u0105dzu?<\/strong><\/p>\n<p>W sp\u00f3\u0142ce OPEC &#8211; TERMO \u015brednia cena ciep\u0142a dla kot\u0142owni lokalnej przy ul. Lipowej 33 <strong>na dzie\u0144 30.09.2025 wynosi 217 z\u0142 netto za 1 GJ sprzedanego ciep\u0142a.<\/strong><\/p>\n","protected":false},"excerpt":{"rendered":"<p>Na mocy ustawy z dnia 12 wrze\u015bnia 2025 roku o bonie ciep\u0142owniczym oraz o zmianie niekt\u00f3rych ustaw w celu ograniczenia cen energii elektrycznej wprowadzono bon ciep\u0142owniczy jako form\u0119 wsparcia finansowego dla gospodarstw domowych, maj\u0105c\u0105 na celu zrekompensowanie rosn\u0105cych koszt\u00f3w ogrzewania. Bon ciep\u0142owniczy przys\u0142uguje odbiorcom korzystaj\u0105cym z ciep\u0142a dostarczanego przez system ciep\u0142owniczy, u kt\u00f3rych jednosk\u0142adnikowa cena [&hellip;]<\/p>\n","protected":false},"author":6,"featured_media":0,"parent":0,"menu_order":0,"comment_status":"closed","ping_status":"closed","template":"","meta":{"footnotes":""},"class_list":["post-2715","page","type-page","status-publish","hentry"],"_links":{"self":[{"href":"https:\/\/www.opec.pl\/termo\/index.php?rest_route=\/wp\/v2\/pages\/2715","targetHints":{"allow":["GET"]}}],"collection":[{"href":"https:\/\/www.opec.pl\/termo\/index.php?rest_route=\/wp\/v2\/pages"}],"about":[{"href":"https:\/\/www.opec.pl\/termo\/index.php?rest_route=\/wp\/v2\/types\/page"}],"author":[{"embeddable":true,"href":"https:\/\/www.opec.pl\/termo\/index.php?rest_route=\/wp\/v2\/users\/6"}],"replies":[{"embeddable":true,"href":"https:\/\/www.opec.pl\/termo\/index.php?rest_route=%2Fwp%2Fv2%2Fcomments&post=2715"}],"version-history":[{"count":5,"href":"https:\/\/www.opec.pl\/termo\/index.php?rest_route=\/wp\/v2\/pages\/2715\/revisions"}],"predecessor-version":[{"id":2725,"href":"https:\/\/www.opec.pl\/termo\/index.php?rest_route=\/wp\/v2\/pages\/2715\/revisions\/2725"}],"wp:attachment":[{"href":"https:\/\/www.opec.pl\/termo\/index.php?rest_route=%2Fwp%2Fv2%2Fmedia&parent=2715"}],"curies":[{"name":"wp","href":"https:\/\/api.w.org\/{rel}","templated":true}]}}